{"id":40,"date":"2020-03-25T13:07:47","date_gmt":"2020-03-25T16:07:47","guid":{"rendered":"http:\/\/segredodediva.com.br\/index.php\/my-account\/"},"modified":"2020-04-24T08:22:59","modified_gmt":"2020-04-24T11:22:59","slug":"minha-conta","status":"publish","type":"page","link":"https:\/\/segredodediva.com.br\/?page_id=40","title":{"rendered":"Minha conta"},"content":{"rendered":"<p>[woocommerce_my_account]<\/p>\n","protected":false},"excerpt":{"rendered":"","protected":false},"author":1,"featured_media":0,"parent":0,"menu_order":0,"comment_status":"closed","ping_status":"closed","template":"","meta":{"spay_email":"","footnotes":""},"yoast_head":"<!-- This site is optimized with the Yoast SEO plugin v15.0 - https:\/\/yoast.com\/wordpress\/plugins\/seo\/ -->\n<title>Minha conta - Segredo de Diva<\/title>\n<meta name=\"description\" content=\"Minha conta: espa\u00e7o reservado do cliente para visualizar seus dados cadastrais e outras informa\u00e7\u00f5es de navega\u00e7\u00e3o no site como a compra de produtos.\" \/>\n<meta name=\"robots\" content=\"index, follow, max-snippet:-1, max-image-preview:large, max-video-preview:-1\" \/>\n<link rel=\"canonical\" href=\"https:\/\/segredodediva.com.br\/?page_id=40\" \/>\n<meta property=\"og:locale\" content=\"pt_BR\" \/>\n<meta property=\"og:type\" content=\"article\" \/>\n<meta property=\"og:title\" content=\"Minha conta - Segredo de Diva\" \/>\n<meta property=\"og:description\" content=\"Minha conta: espa\u00e7o reservado do cliente para visualizar seus dados cadastrais e outras informa\u00e7\u00f5es de navega\u00e7\u00e3o no site como a compra de produtos.\" \/>\n<meta property=\"og:url\" content=\"https:\/\/segredodediva.com.br\/?page_id=40\" \/>\n<meta property=\"og:site_name\" content=\"Segredo de Diva\" \/>\n<meta property=\"article:modified_time\" content=\"2020-04-24T11:22:59+00:00\" \/>\n<meta name=\"twitter:card\" content=\"summary_large_image\" \/>\n<script type=\"application\/ld+json\" class=\"yoast-schema-graph\">{\"@context\":\"https:\/\/schema.org\",\"@graph\":[{\"@type\":\"WebSite\",\"@id\":\"https:\/\/segredodediva.com.br\/#website\",\"url\":\"https:\/\/segredodediva.com.br\/\",\"name\":\"Segredo de Diva\",\"description\":\"Real\\u00e7ando o seu melhor\",\"potentialAction\":[{\"@type\":\"SearchAction\",\"target\":\"https:\/\/segredodediva.com.br\/?s={search_term_string}\",\"query-input\":\"required name=search_term_string\"}],\"inLanguage\":\"pt-BR\"},{\"@type\":\"WebPage\",\"@id\":\"https:\/\/segredodediva.com.br\/?page_id=40#webpage\",\"url\":\"https:\/\/segredodediva.com.br\/?page_id=40\",\"name\":\"Minha conta - Segredo de Diva\",\"isPartOf\":{\"@id\":\"https:\/\/segredodediva.com.br\/#website\"},\"datePublished\":\"2020-03-25T16:07:47+00:00\",\"dateModified\":\"2020-04-24T11:22:59+00:00\",\"description\":\"Minha conta: espa\\u00e7o reservado do cliente para visualizar seus dados cadastrais e outras informa\\u00e7\\u00f5es de navega\\u00e7\\u00e3o no site como a compra de produtos.\",\"inLanguage\":\"pt-BR\",\"potentialAction\":[{\"@type\":\"ReadAction\",\"target\":[\"https:\/\/segredodediva.com.br\/?page_id=40\"]}]}]}<\/script>\n<!-- \/ Yoast SEO plugin. -->","_links":{"self":[{"href":"https:\/\/segredodediva.com.br\/index.php?rest_route=\/wp\/v2\/pages\/40"}],"collection":[{"href":"https:\/\/segredodediva.com.br\/index.php?rest_route=\/wp\/v2\/pages"}],"about":[{"href":"https:\/\/segredodediva.com.br\/index.php?rest_route=\/wp\/v2\/types\/page"}],"author":[{"embeddable":true,"href":"https:\/\/segredodediva.com.br\/index.php?rest_route=\/wp\/v2\/users\/1"}],"replies":[{"embeddable":true,"href":"https:\/\/segredodediva.com.br\/index.php?rest_route=%2Fwp%2Fv2%2Fcomments&post=40"}],"version-history":[{"count":1,"href":"https:\/\/segredodediva.com.br\/index.php?rest_route=\/wp\/v2\/pages\/40\/revisions"}],"predecessor-version":[{"id":140,"href":"https:\/\/segredodediva.com.br\/index.php?rest_route=\/wp\/v2\/pages\/40\/revisions\/140"}],"wp:attachment":[{"href":"https:\/\/segredodediva.com.br\/index.php?rest_route=%2Fwp%2Fv2%2Fmedia&parent=40"}],"curies":[{"name":"wp","href":"https:\/\/api.w.org\/{rel}","templated":true}]}}